{"id":5237,"date":"2024-12-23T16:46:11","date_gmt":"2024-12-23T16:46:11","guid":{"rendered":"https:\/\/projemeta.com\/?post_type=product&#038;p=5237"},"modified":"2024-12-23T16:46:55","modified_gmt":"2024-12-23T16:46:55","slug":"360-fotograf-cekim","status":"publish","type":"product","link":"https:\/\/projemeta.com\/index.php\/urun\/360-fotograf-cekim\/","title":{"rendered":"360 Foto\u011fraf \u00c7ekim"},"content":{"rendered":"<p>360 Foto\u011fraf \u00c7ekim<\/p>\n","protected":false},"excerpt":{"rendered":"<p>360 Foto\u011fraf \u00c7ekim<\/p>\n","protected":false},"featured_media":5058,"comment_status":"open","ping_status":"closed","template":"","meta":[],"product_cat":[24,25],"product_tag":[],"_links":{"self":[{"href":"https:\/\/projemeta.com\/index.php\/wp-json\/wp\/v2\/product\/5237"}],"collection":[{"href":"https:\/\/projemeta.com\/index.php\/wp-json\/wp\/v2\/product"}],"about":[{"href":"https:\/\/projemeta.com\/index.php\/wp-json\/wp\/v2\/types\/product"}],"replies":[{"embeddable":true,"href":"https:\/\/projemeta.com\/index.php\/wp-json\/wp\/v2\/comments?post=5237"}],"wp:featuredmedia":[{"embeddable":true,"href":"https:\/\/projemeta.com\/index.php\/wp-json\/wp\/v2\/media\/5058"}],"wp:attachment":[{"href":"https:\/\/projemeta.com\/index.php\/wp-json\/wp\/v2\/media?parent=5237"}],"wp:term":[{"taxonomy":"product_cat","embeddable":true,"href":"https:\/\/projemeta.com\/index.php\/wp-json\/wp\/v2\/product_cat?post=5237"},{"taxonomy":"product_tag","embeddable":true,"href":"https:\/\/projemeta.com\/index.php\/wp-json\/wp\/v2\/product_tag?post=5237"}],"curies":[{"name":"wp","href":"https:\/\/api.w.org\/{rel}","templated":true}]}}