{"id":5023,"date":"2024-12-14T13:07:50","date_gmt":"2024-12-14T13:07:50","guid":{"rendered":"https:\/\/projemeta.com\/?post_type=product&#038;p=5023"},"modified":"2024-12-23T16:40:28","modified_gmt":"2024-12-23T16:40:28","slug":"cocuk-odasi-bedroom-0004","status":"publish","type":"product","link":"https:\/\/projemeta.com\/index.php\/urun\/cocuk-odasi-bedroom-0004\/","title":{"rendered":"\u00c7OCUK YATAK ODASI-BEDROOM -0004"},"content":{"rendered":"<p>HAZIR 3D MODELLER \u0130LE DEKORE ED\u0130LM\u0130\u015e BU \u0130\u00c7MEKAN DEKORASYONUNU S\u0130Z\u0130N PROJEN\u0130ZDE VEYA S\u0130ZE A\u0130T \u0130\u00c7MEKANLARINIZA AYNI MOB\u0130LYALARI D\u0130ZEREK 4 ADET 6K RENDER TESL\u0130M ED\u0130YORUZ<\/p>\n","protected":false},"excerpt":{"rendered":"<p>SALON -LIVINGROOM<\/p>\n","protected":false},"featured_media":4987,"comment_status":"open","ping_status":"closed","template":"","meta":[],"product_cat":[34,24],"product_tag":[],"_links":{"self":[{"href":"https:\/\/projemeta.com\/index.php\/wp-json\/wp\/v2\/product\/5023"}],"collection":[{"href":"https:\/\/projemeta.com\/index.php\/wp-json\/wp\/v2\/product"}],"about":[{"href":"https:\/\/projemeta.com\/index.php\/wp-json\/wp\/v2\/types\/product"}],"replies":[{"embeddable":true,"href":"https:\/\/projemeta.com\/index.php\/wp-json\/wp\/v2\/comments?post=5023"}],"wp:featuredmedia":[{"embeddable":true,"href":"https:\/\/projemeta.com\/index.php\/wp-json\/wp\/v2\/media\/4987"}],"wp:attachment":[{"href":"https:\/\/projemeta.com\/index.php\/wp-json\/wp\/v2\/media?parent=5023"}],"wp:term":[{"taxonomy":"product_cat","embeddable":true,"href":"https:\/\/projemeta.com\/index.php\/wp-json\/wp\/v2\/product_cat?post=5023"},{"taxonomy":"product_tag","embeddable":true,"href":"https:\/\/projemeta.com\/index.php\/wp-json\/wp\/v2\/product_tag?post=5023"}],"curies":[{"name":"wp","href":"https:\/\/api.w.org\/{rel}","templated":true}]}}