{"id":5021,"date":"2024-12-14T13:06:07","date_gmt":"2024-12-14T13:06:07","guid":{"rendered":"https:\/\/projemeta.com\/?post_type=product&#038;p=5021"},"modified":"2024-12-23T16:40:55","modified_gmt":"2024-12-23T16:40:55","slug":"banyo-bathroom-0003","status":"publish","type":"product","link":"https:\/\/projemeta.com\/index.php\/urun\/banyo-bathroom-0003\/","title":{"rendered":"BANYO-BATHROOM-0003"},"content":{"rendered":"<p>BU SALON DEKORASYONU<\/p>\n<p>Sizin projenizdeki i\u00e7mekan duvarlar\u0131 modellenerek bu dekorasyon uygulanacakt\u0131r.<\/p>\n","protected":false},"excerpt":{"rendered":"<p>SALON -LIVINGROOM Sizin projenizdeki i\u00e7mekan duvarlar\u0131 modellenerek bu dekorasyon uygulanacakt\u0131r.<\/p>\n","protected":false},"featured_media":5058,"comment_status":"open","ping_status":"closed","template":"","meta":[],"product_cat":[24,25],"product_tag":[],"_links":{"self":[{"href":"https:\/\/projemeta.com\/index.php\/wp-json\/wp\/v2\/product\/5021"}],"collection":[{"href":"https:\/\/projemeta.com\/index.php\/wp-json\/wp\/v2\/product"}],"about":[{"href":"https:\/\/projemeta.com\/index.php\/wp-json\/wp\/v2\/types\/product"}],"replies":[{"embeddable":true,"href":"https:\/\/projemeta.com\/index.php\/wp-json\/wp\/v2\/comments?post=5021"}],"wp:featuredmedia":[{"embeddable":true,"href":"https:\/\/projemeta.com\/index.php\/wp-json\/wp\/v2\/media\/5058"}],"wp:attachment":[{"href":"https:\/\/projemeta.com\/index.php\/wp-json\/wp\/v2\/media?parent=5021"}],"wp:term":[{"taxonomy":"product_cat","embeddable":true,"href":"https:\/\/projemeta.com\/index.php\/wp-json\/wp\/v2\/product_cat?post=5021"},{"taxonomy":"product_tag","embeddable":true,"href":"https:\/\/projemeta.com\/index.php\/wp-json\/wp\/v2\/product_tag?post=5021"}],"curies":[{"name":"wp","href":"https:\/\/api.w.org\/{rel}","templated":true}]}}