{"id":5018,"date":"2024-12-14T12:50:28","date_gmt":"2024-12-14T12:50:28","guid":{"rendered":"https:\/\/projemeta.com\/?post_type=product&#038;p=5018"},"modified":"2024-12-23T16:39:41","modified_gmt":"2024-12-23T16:39:41","slug":"yatak-odasi-bedroom-0001","status":"publish","type":"product","link":"https:\/\/projemeta.com\/index.php\/urun\/yatak-odasi-bedroom-0001\/","title":{"rendered":"EBEVEYN YATAK ODASI-BEDROOM -0001"},"content":{"rendered":"<p>BU \u0130\u00c7MEKAN DEKORASYONU<\/p>\n<p>Sizin projenizdeki i\u00e7mekan duvarlar\u0131 modellenerek bu dekorasyon uygulanacakt\u0131r.<\/p>\n","protected":false},"excerpt":{"rendered":"<p>YATAK ODASI-BEDROOM<\/p>\n","protected":false},"featured_media":5061,"comment_status":"open","ping_status":"closed","template":"","meta":[],"product_cat":[24,25],"product_tag":[],"_links":{"self":[{"href":"https:\/\/projemeta.com\/index.php\/wp-json\/wp\/v2\/product\/5018"}],"collection":[{"href":"https:\/\/projemeta.com\/index.php\/wp-json\/wp\/v2\/product"}],"about":[{"href":"https:\/\/projemeta.com\/index.php\/wp-json\/wp\/v2\/types\/product"}],"replies":[{"embeddable":true,"href":"https:\/\/projemeta.com\/index.php\/wp-json\/wp\/v2\/comments?post=5018"}],"wp:featuredmedia":[{"embeddable":true,"href":"https:\/\/projemeta.com\/index.php\/wp-json\/wp\/v2\/media\/5061"}],"wp:attachment":[{"href":"https:\/\/projemeta.com\/index.php\/wp-json\/wp\/v2\/media?parent=5018"}],"wp:term":[{"taxonomy":"product_cat","embeddable":true,"href":"https:\/\/projemeta.com\/index.php\/wp-json\/wp\/v2\/product_cat?post=5018"},{"taxonomy":"product_tag","embeddable":true,"href":"https:\/\/projemeta.com\/index.php\/wp-json\/wp\/v2\/product_tag?post=5018"}],"curies":[{"name":"wp","href":"https:\/\/api.w.org\/{rel}","templated":true}]}}