{"id":5017,"date":"2024-12-14T12:49:15","date_gmt":"2024-12-14T12:49:15","guid":{"rendered":"https:\/\/projemeta.com\/?post_type=product&#038;p=5017"},"modified":"2024-12-23T16:39:52","modified_gmt":"2024-12-23T16:39:52","slug":"yatak-odasi-bedroom-0003","status":"publish","type":"product","link":"https:\/\/projemeta.com\/index.php\/urun\/yatak-odasi-bedroom-0003\/","title":{"rendered":"GEN\u00c7 YATAK ODASI-BEDROOM-0003"},"content":{"rendered":"<p>BU \u0130\u00c7MEKAN DEKORASYONU<\/p>\n<p>Sizin projenizdeki i\u00e7mekan duvarlar\u0131 modellenerek bu dekorasyon uygulanacakt\u0131r.<\/p>\n","protected":false},"excerpt":{"rendered":"<p>YATAKODASI-BEDROOM<\/p>\n","protected":false},"featured_media":5062,"comment_status":"open","ping_status":"closed","template":"","meta":[],"product_cat":[24,25],"product_tag":[],"_links":{"self":[{"href":"https:\/\/projemeta.com\/index.php\/wp-json\/wp\/v2\/product\/5017"}],"collection":[{"href":"https:\/\/projemeta.com\/index.php\/wp-json\/wp\/v2\/product"}],"about":[{"href":"https:\/\/projemeta.com\/index.php\/wp-json\/wp\/v2\/types\/product"}],"replies":[{"embeddable":true,"href":"https:\/\/projemeta.com\/index.php\/wp-json\/wp\/v2\/comments?post=5017"}],"wp:featuredmedia":[{"embeddable":true,"href":"https:\/\/projemeta.com\/index.php\/wp-json\/wp\/v2\/media\/5062"}],"wp:attachment":[{"href":"https:\/\/projemeta.com\/index.php\/wp-json\/wp\/v2\/media?parent=5017"}],"wp:term":[{"taxonomy":"product_cat","embeddable":true,"href":"https:\/\/projemeta.com\/index.php\/wp-json\/wp\/v2\/product_cat?post=5017"},{"taxonomy":"product_tag","embeddable":true,"href":"https:\/\/projemeta.com\/index.php\/wp-json\/wp\/v2\/product_tag?post=5017"}],"curies":[{"name":"wp","href":"https:\/\/api.w.org\/{rel}","templated":true}]}}